{"id":3541,"date":"2026-02-10T15:04:56","date_gmt":"2026-02-10T14:04:56","guid":{"rendered":"https:\/\/www.hotelmontaninalivigno.it\/unsere-geschichte\/"},"modified":"2026-02-20T12:59:09","modified_gmt":"2026-02-20T11:59:09","slug":"unsere-geschichte","status":"publish","type":"page","link":"https:\/\/www.hotelmontaninalivigno.it\/de\/unsere-geschichte\/","title":{"rendered":"Unsere Geschichte"},"content":{"rendered":"\t\t<div data-elementor-type=\"wp-page\" data-elementor-id=\"3541\" class=\"elementor elementor-3541 elementor-2570\" data-elementor-post-type=\"page\">\n\t\t\t\t<div class=\"elementor-element elementor-element-aae3de7 e-con-full slidertop zoom-out e-flex e-con e-parent\" data-id=\"aae3de7\" data-element_type=\"container\" data-e-type=\"container\" data-settings=\"{&quot;background_background&quot;:&quot;classic&quot;}\">\n\t\t\t\t<div class=\"elementor-element elementor-element-4a299ca elementor-absolute elementor-widget__width-inherit elementor-widget elementor-widget-template\" data-id=\"4a299ca\" data-element_type=\"widget\" data-e-type=\"widget\" data-settings=\"{&quot;_position&quot;:&quot;absolute&quot;}\" data-widget_type=\"template.default\">\n\t\t\t\t<div class=\"elementor-widget-container\">\n\t\t\t\t\t\t\t<div class=\"elementor-template\">\n\t\t\t\t\t<div data-elementor-type=\"container\" data-elementor-id=\"3454\" class=\"elementor elementor-3454 elementor-1354 elementor-1354\" data-elementor-post-type=\"elementor_library\">\n\t\t\t\t<div class=\"elementor-element elementor-element-8705b7c e-con-full e-flex e-con e-parent\" data-id=\"8705b7c\" data-element_type=\"container\" data-e-type=\"container\" data-settings=\"{&quot;background_background&quot;:&quot;gradient&quot;}\">\n\t\t\t\t<div class=\"elementor-element elementor-element-5559fec bu elementor-widget elementor-widget-heading\" data-id=\"5559fec\" data-element_type=\"widget\" data-e-type=\"widget\" data-widget_type=\"heading.default\">\n\t\t\t\t<div class=\"elementor-widget-container\">\n\t\t\t\t\t<div class=\"elementor-heading-title elementor-size-default\">Mitten in Livigno,<\/div>\t\t\t\t<\/div>\n\t\t\t\t<\/div>\n\t\t\t\t<div class=\"elementor-element elementor-element-935e659 bu elementor-widget elementor-widget-heading\" data-id=\"935e659\" data-element_type=\"widget\" data-e-type=\"widget\" data-widget_type=\"heading.default\">\n\t\t\t\t<div class=\"elementor-widget-container\">\n\t\t\t\t\t<div class=\"elementor-heading-title elementor-size-default\">Wohlf\u00fchlen<br>wie zuhause<\/div>\t\t\t\t<\/div>\n\t\t\t\t<\/div>\n\t\t\t\t<\/div>\n\t\t\t\t<\/div>\n\t\t\t\t<\/div>\n\t\t\t\t\t\t<\/div>\n\t\t\t\t<\/div>\n\t\t\t\t<div class=\"elementor-element elementor-element-9b01664 elementor-absolute elementor-hidden-desktop elementor-hidden-laptop elementor-hidden-tablet_extra elementor-hidden-tablet elementor-widget elementor-widget-image\" data-id=\"9b01664\" data-element_type=\"widget\" data-e-type=\"widget\" data-settings=\"{&quot;_position&quot;:&quot;absolute&quot;}\" data-widget_type=\"image.default\">\n\t\t\t\t<div class=\"elementor-widget-container\">\n\t\t\t\t\t\t\t\t\t\t\t\t\t\t\t<img fetchpriority=\"high\" decoding=\"async\" width=\"1365\" height=\"2048\" src=\"https:\/\/www.hotelmontaninalivigno.it\/wp-content\/uploads\/2026\/02\/bar06-hotelmontaninalivigno-scaled.webp\" class=\"attachment-full size-full wp-image-3993\" alt=\"Tre donne sorridenti dietro un banco bar in un ambiente rustico in legno.\" srcset=\"https:\/\/www.hotelmontaninalivigno.it\/wp-content\/uploads\/2026\/02\/bar06-hotelmontaninalivigno-scaled.webp 1365w, https:\/\/www.hotelmontaninalivigno.it\/wp-content\/uploads\/2026\/02\/bar06-hotelmontaninalivigno-200x300.webp 200w, https:\/\/www.hotelmontaninalivigno.it\/wp-content\/uploads\/2026\/02\/bar06-hotelmontaninalivigno-683x1024.webp 683w, https:\/\/www.hotelmontaninalivigno.it\/wp-content\/uploads\/2026\/02\/bar06-hotelmontaninalivigno-768x1152.webp 768w, https:\/\/www.hotelmontaninalivigno.it\/wp-content\/uploads\/2026\/02\/bar06-hotelmontaninalivigno-1024x1536.webp 1024w\" sizes=\"(max-width: 1365px) 100vw, 1365px\" \/>\t\t\t\t\t\t\t\t\t\t\t\t\t\t\t<\/div>\n\t\t\t\t<\/div>\n\t\t\t\t<div class=\"elementor-element elementor-element-f08f403 elementor-absolute elementor-hidden-mobile elementor-widget elementor-widget-image\" data-id=\"f08f403\" data-element_type=\"widget\" data-e-type=\"widget\" data-settings=\"{&quot;_position&quot;:&quot;absolute&quot;}\" data-widget_type=\"image.default\">\n\t\t\t\t<div class=\"elementor-widget-container\">\n\t\t\t\t\t\t\t\t\t\t\t\t\t\t\t<img decoding=\"async\" width=\"2048\" height=\"1365\" src=\"https:\/\/www.hotelmontaninalivigno.it\/wp-content\/uploads\/2026\/02\/bar07-hotelmontaninalivigno-scaled.webp\" class=\"attachment-full size-full wp-image-3995\" alt=\"Tre donne sorridenti dietro il bancone di un accogliente bar in legno.\" srcset=\"https:\/\/www.hotelmontaninalivigno.it\/wp-content\/uploads\/2026\/02\/bar07-hotelmontaninalivigno-scaled.webp 2048w, https:\/\/www.hotelmontaninalivigno.it\/wp-content\/uploads\/2026\/02\/bar07-hotelmontaninalivigno-300x200.webp 300w, https:\/\/www.hotelmontaninalivigno.it\/wp-content\/uploads\/2026\/02\/bar07-hotelmontaninalivigno-1024x683.webp 1024w, https:\/\/www.hotelmontaninalivigno.it\/wp-content\/uploads\/2026\/02\/bar07-hotelmontaninalivigno-768x512.webp 768w, https:\/\/www.hotelmontaninalivigno.it\/wp-content\/uploads\/2026\/02\/bar07-hotelmontaninalivigno-1536x1024.webp 1536w\" sizes=\"(max-width: 2048px) 100vw, 2048px\" loading=\"lazy\" \/>\t\t\t\t\t\t\t\t\t\t\t\t\t\t\t<\/div>\n\t\t\t\t<\/div>\n\t\t\t\t<\/div>\n\t\t<div class=\"elementor-element elementor-element-3d99c44 e-con-full e-flex e-con e-parent\" data-id=\"3d99c44\" data-element_type=\"container\" data-e-type=\"container\" data-settings=\"{&quot;background_background&quot;:&quot;classic&quot;}\">\n\t\t<div class=\"elementor-element elementor-element-20078b3 e-flex e-con-boxed e-con e-child\" data-id=\"20078b3\" data-element_type=\"container\" data-e-type=\"container\" data-settings=\"{&quot;background_background&quot;:&quot;classic&quot;,&quot;background_motion_fx_motion_fx_scrolling&quot;:&quot;yes&quot;,&quot;background_motion_fx_translateX_effect&quot;:&quot;yes&quot;,&quot;background_motion_fx_translateX_speed&quot;:{&quot;unit&quot;:&quot;px&quot;,&quot;size&quot;:1,&quot;sizes&quot;:[]},&quot;background_motion_fx_translateX_affectedRange&quot;:{&quot;unit&quot;:&quot;%&quot;,&quot;size&quot;:&quot;&quot;,&quot;sizes&quot;:{&quot;start&quot;:0,&quot;end&quot;:100}},&quot;background_motion_fx_devices&quot;:[&quot;desktop&quot;,&quot;laptop&quot;,&quot;tablet_extra&quot;,&quot;tablet&quot;,&quot;mobile&quot;]}\">\n\t\t\t\t\t<div class=\"e-con-inner\">\n\t\t<div class=\"elementor-element elementor-element-fa7eba4 e-con-full bl e-flex e-con e-child\" data-id=\"fa7eba4\" data-element_type=\"container\" data-e-type=\"container\">\n\t\t\t\t<div class=\"elementor-element elementor-element-94e70c9 elementor-widget elementor-widget-heading\" data-id=\"94e70c9\" data-element_type=\"widget\" data-e-type=\"widget\" data-widget_type=\"heading.default\">\n\t\t\t\t<div class=\"elementor-widget-container\">\n\t\t\t\t\t<h1 class=\"elementor-heading-title elementor-size-default\">Unsere Geschichte<\/h1>\t\t\t\t<\/div>\n\t\t\t\t<\/div>\n\t\t\t\t<div class=\"elementor-element elementor-element-1a49e90 elementor-widget elementor-widget-heading\" data-id=\"1a49e90\" data-element_type=\"widget\" data-e-type=\"widget\" data-widget_type=\"heading.default\">\n\t\t\t\t<div class=\"elementor-widget-container\">\n\t\t\t\t\t<h2 class=\"elementor-heading-title elementor-size-default\">Eine Leidenschaft, die von weit her kommt<\/h2>\t\t\t\t<\/div>\n\t\t\t\t<\/div>\n\t\t\t\t<div class=\"elementor-element elementor-element-0e7d06d elementor-widget elementor-widget-text-editor\" data-id=\"0e7d06d\" data-element_type=\"widget\" data-e-type=\"widget\" data-widget_type=\"text-editor.default\">\n\t\t\t\t<div class=\"elementor-widget-container\">\n\t\t\t\t\t\t\t\t\t<p><em>Es war eine dunkle und st\u00fcrmische Nacht&#8230; nein, das war nur ein Scherz!<\/em><br><em>Unsere Geschichte ist eine Geschichte voller Leidenschaft und Liebe, in der es keinen Platz f\u00fcr Dunkelheit und St\u00fcrme gibt.<\/em><\/p>\t\t\t\t\t\t\t\t<\/div>\n\t\t\t\t<\/div>\n\t\t\t\t<div class=\"elementor-element elementor-element-7c10526 elementor-widget elementor-widget-heading\" data-id=\"7c10526\" data-element_type=\"widget\" data-e-type=\"widget\" data-widget_type=\"heading.default\">\n\t\t\t\t<div class=\"elementor-widget-container\">\n\t\t\t\t\t<h3 class=\"elementor-heading-title elementor-size-default\">Der Beginn eines Traums\u2026<\/h3>\t\t\t\t<\/div>\n\t\t\t\t<\/div>\n\t\t\t\t<div class=\"elementor-element elementor-element-f636351 elementor-widget elementor-widget-text-editor\" data-id=\"f636351\" data-element_type=\"widget\" data-e-type=\"widget\" data-widget_type=\"text-editor.default\">\n\t\t\t\t<div class=\"elementor-widget-container\">\n\t\t\t\t\t\t\t\t\t<p>Alles begann 1954, als <strong>Gro\u00dfvater Filippo<\/strong> und <strong>Gro\u00dfmutter Teresa<\/strong> beschlossen, gemeinsam mit ihren Kindern Annamaria und Dario ihre Zukunft in der Welt der Gastlichkeit aufzubauen und die Pension \u201eLa Montanina\u201d zu er\u00f6ffnen. Eine <strong>mutige Entscheidung<\/strong>, denn so gro\u00df die Hingabe und der Wille auch waren, so gro\u00df waren auch die Verpflichtungen und Schwierigkeiten.<\/p><p>Gro\u00dfmutter Teresa, eine Frau mit einem gro\u00dfen Herzen und leidenschaftliche Hebamme, wollte trotz der unm\u00f6glichen Arbeitszeiten ihren Beruf nicht aufgeben und <strong>gab ihr Bestes<\/strong>, um alles zu bew\u00e4ltigen. Die kleine <strong>Annamaria<\/strong> war noch zu jung \u2013 <em>\u201eun pitin da formai?\u201c<\/em> (ein bisschen K\u00e4se?) \u2013, aber immer bereit, ihren Beitrag zu leisten.<\/p><p>Gro\u00dfvater Filippo <strong>verfolgte seinen Traum weiter<\/strong> und bew\u00e4ltigte die anf\u00e4nglichen finanziellen Herausforderungen mit <strong>Leidenschaft und unersch\u00fctterlicher Beharrlichkeit<\/strong>. Zu dieser Zeit begann Livigno, sich als touristisches Ziel einen Namen zu machen, und bot noch wenige Beherbergungsbetriebe: Dies erm\u00f6glichte es, stets eine gute Kundschaft zu haben.<\/p>\t\t\t\t\t\t\t\t<\/div>\n\t\t\t\t<\/div>\n\t\t\t\t<\/div>\n\t\t<div class=\"elementor-element elementor-element-5a697d7 e-con-full bl e-flex e-con e-child\" data-id=\"5a697d7\" data-element_type=\"container\" data-e-type=\"container\">\n\t\t<div class=\"elementor-element elementor-element-d973e59 e-con-full br e-flex e-con e-child\" data-id=\"d973e59\" data-element_type=\"container\" data-e-type=\"container\">\n\t\t\t\t<div class=\"elementor-element elementor-element-fb46478 elementor-widget elementor-widget-image\" data-id=\"fb46478\" data-element_type=\"widget\" data-e-type=\"widget\" data-widget_type=\"image.default\">\n\t\t\t\t<div class=\"elementor-widget-container\">\n\t\t\t\t\t\t\t\t\t\t\t\t\t\t\t<img decoding=\"async\" width=\"2048\" height=\"1429\" src=\"https:\/\/www.hotelmontaninalivigno.it\/wp-content\/uploads\/2026\/02\/storia01-hotelmontaninalivigno-scaled.webp\" class=\"attachment-full size-full wp-image-3915\" alt=\"Edificio invernale innevato tra le montagne con insegna &quot;Pensione La Montanina&quot;.\" srcset=\"https:\/\/www.hotelmontaninalivigno.it\/wp-content\/uploads\/2026\/02\/storia01-hotelmontaninalivigno-scaled.webp 2048w, https:\/\/www.hotelmontaninalivigno.it\/wp-content\/uploads\/2026\/02\/storia01-hotelmontaninalivigno-300x209.webp 300w, https:\/\/www.hotelmontaninalivigno.it\/wp-content\/uploads\/2026\/02\/storia01-hotelmontaninalivigno-1024x714.webp 1024w, https:\/\/www.hotelmontaninalivigno.it\/wp-content\/uploads\/2026\/02\/storia01-hotelmontaninalivigno-768x536.webp 768w, https:\/\/www.hotelmontaninalivigno.it\/wp-content\/uploads\/2026\/02\/storia01-hotelmontaninalivigno-1536x1072.webp 1536w\" sizes=\"(max-width: 2048px) 100vw, 2048px\" loading=\"lazy\" \/>\t\t\t\t\t\t\t\t\t\t\t\t\t\t\t<\/div>\n\t\t\t\t<\/div>\n\t\t<div class=\"elementor-element elementor-element-96b30bd e-con-full e-transform e-flex e-con e-child\" data-id=\"96b30bd\" data-element_type=\"container\" data-e-type=\"container\" data-settings=\"{&quot;background_background&quot;:&quot;classic&quot;,&quot;position&quot;:&quot;absolute&quot;,&quot;_transform_rotateZ_effect&quot;:{&quot;unit&quot;:&quot;px&quot;,&quot;size&quot;:8,&quot;sizes&quot;:[]},&quot;_transform_rotateZ_effect_tablet&quot;:{&quot;unit&quot;:&quot;deg&quot;,&quot;size&quot;:4,&quot;sizes&quot;:[]},&quot;_transform_rotateZ_effect_laptop&quot;:{&quot;unit&quot;:&quot;deg&quot;,&quot;size&quot;:&quot;&quot;,&quot;sizes&quot;:[]},&quot;_transform_rotateZ_effect_tablet_extra&quot;:{&quot;unit&quot;:&quot;deg&quot;,&quot;size&quot;:&quot;&quot;,&quot;sizes&quot;:[]},&quot;_transform_rotateZ_effect_mobile&quot;:{&quot;unit&quot;:&quot;deg&quot;,&quot;size&quot;:&quot;&quot;,&quot;sizes&quot;:[]}}\">\n\t\t\t\t<\/div>\n\t\t\t\t<\/div>\n\t\t\t\t<div class=\"elementor-element elementor-element-5fe36c0 elementor-widget elementor-widget-heading\" data-id=\"5fe36c0\" data-element_type=\"widget\" data-e-type=\"widget\" data-widget_type=\"heading.default\">\n\t\t\t\t<div class=\"elementor-widget-container\">\n\t\t\t\t\t<h3 class=\"elementor-heading-title elementor-size-default\">\u2026 Wirklichkeit geworden!<\/h3>\t\t\t\t<\/div>\n\t\t\t\t<\/div>\n\t\t\t\t<div class=\"elementor-element elementor-element-00a388c elementor-widget elementor-widget-text-editor\" data-id=\"00a388c\" data-element_type=\"widget\" data-e-type=\"widget\" data-widget_type=\"text-editor.default\">\n\t\t\t\t<div class=\"elementor-widget-container\">\n\t\t\t\t\t\t\t\t\t<p><strong>Annamaria<\/strong> w\u00e4chst heran, bl\u00fcht auf und erobert das Herz von <strong>Modesto<\/strong>, dem gro\u00dfen, dunkelhaarigen und sympathischen Fahrer, der ihr unerm\u00fcdlich den Hof macht, bis sie schlie\u00dflich das entscheidende \u201eJa\u201c sagt. Zeit und Geld sind knapp, aber Leidenschaft und Arbeit im \u00dcberfluss vorhanden: Aus dieser <strong>gro\u00dfen Liebe<\/strong> gehen neun Kinder hervor: <strong>Elisabetta, Gianluigi, Andrea, Giovanna, Simona, Gianluigi, Nicola, Michele und Valentina<\/strong>, die den gro\u00dfen Traum ihrer Gro\u00dfeltern und Eltern weiterf\u00fchren werden.<\/p><p>W\u00e4hrend die Familie wuchs, wuchs auch La Montanina mit ihr, wurde immer gr\u00f6\u00dfer, immer gem\u00fctlicher, <strong>immer mehr zu einem Zuhause<\/strong>. Heute sind wir drei Schwestern \u2013 <strong>Valentina, Giovanna und Simona<\/strong> \u2013 die es leiten, lieben und verbessern. In diesen Jahren haben viele G\u00e4ste bei uns gewohnt, ein St\u00fcck ihres Herzens zwischen diesen Mauern zur\u00fcckgelassen und sind Teil unserer Geschichte geworden: Wir hoffen, dass auch Sie einer von ihnen werden!<\/p>\t\t\t\t\t\t\t\t<\/div>\n\t\t\t\t<\/div>\n\t\t\t\t<\/div>\n\t\t\t\t\t<\/div>\n\t\t\t\t<\/div>\n\t\t\t\t<\/div>\n\t\t\t\t<\/div>\n\t\t","protected":false},"excerpt":{"rendered":"<p>Unsere Geschichte Eine Leidenschaft, die von weit her kommt Es war eine dunkle und st\u00fcrmische Nacht&#8230; nein, das war nur ein Scherz!Unsere Geschichte ist eine Geschichte voller Leidenschaft und Liebe, in der es keinen Platz f\u00fcr Dunkelheit und St\u00fcrme gibt. Der Beginn eines Traums\u2026 Alles begann 1954, als Gro\u00dfvater Filippo und Gro\u00dfmutter Teresa beschlossen, gemeinsam [&hellip;]<\/p>\n","protected":false},"author":2,"featured_media":0,"parent":0,"menu_order":0,"comment_status":"closed","ping_status":"closed","template":"","meta":{"_acf_changed":false,"footnotes":""},"class_list":["post-3541","page","type-page","status-publish","hentry"],"acf":[],"_links":{"self":[{"href":"https:\/\/www.hotelmontaninalivigno.it\/de\/wp-json\/wp\/v2\/pages\/3541","targetHints":{"allow":["GET"]}}],"collection":[{"href":"https:\/\/www.hotelmontaninalivigno.it\/de\/wp-json\/wp\/v2\/pages"}],"about":[{"href":"https:\/\/www.hotelmontaninalivigno.it\/de\/wp-json\/wp\/v2\/types\/page"}],"author":[{"embeddable":true,"href":"https:\/\/www.hotelmontaninalivigno.it\/de\/wp-json\/wp\/v2\/users\/2"}],"replies":[{"embeddable":true,"href":"https:\/\/www.hotelmontaninalivigno.it\/de\/wp-json\/wp\/v2\/comments?post=3541"}],"version-history":[{"count":2,"href":"https:\/\/www.hotelmontaninalivigno.it\/de\/wp-json\/wp\/v2\/pages\/3541\/revisions"}],"predecessor-version":[{"id":3543,"href":"https:\/\/www.hotelmontaninalivigno.it\/de\/wp-json\/wp\/v2\/pages\/3541\/revisions\/3543"}],"wp:attachment":[{"href":"https:\/\/www.hotelmontaninalivigno.it\/de\/wp-json\/wp\/v2\/media?parent=3541"}],"curies":[{"name":"wp","href":"https:\/\/api.w.org\/{rel}","templated":true}]}}