{"id":3526,"date":"2026-02-10T14:21:42","date_gmt":"2026-02-10T13:21:42","guid":{"rendered":"https:\/\/www.hotelmontaninalivigno.it\/wo-wir-sind\/"},"modified":"2026-02-20T12:43:24","modified_gmt":"2026-02-20T11:43:24","slug":"wo-wir-sind","status":"publish","type":"page","link":"https:\/\/www.hotelmontaninalivigno.it\/de\/wo-wir-sind\/","title":{"rendered":"Wo wir sind"},"content":{"rendered":"\t\t<div data-elementor-type=\"wp-page\" data-elementor-id=\"3526\" class=\"elementor elementor-3526 elementor-2529\" data-elementor-post-type=\"page\">\n\t\t\t\t<div class=\"elementor-element elementor-element-aae3de7 e-con-full slidertop zoom-out e-flex e-con e-parent\" data-id=\"aae3de7\" data-element_type=\"container\" data-e-type=\"container\" data-settings=\"{&quot;background_background&quot;:&quot;classic&quot;}\">\n\t\t\t\t<div class=\"elementor-element elementor-element-08731c5 elementor-absolute elementor-widget__width-inherit elementor-widget elementor-widget-template\" data-id=\"08731c5\" data-element_type=\"widget\" data-e-type=\"widget\" data-settings=\"{&quot;_position&quot;:&quot;absolute&quot;}\" data-widget_type=\"template.default\">\n\t\t\t\t<div class=\"elementor-widget-container\">\n\t\t\t\t\t\t\t<div class=\"elementor-template\">\n\t\t\t\t\t<div data-elementor-type=\"container\" data-elementor-id=\"3454\" class=\"elementor elementor-3454 elementor-1354 elementor-1354\" data-elementor-post-type=\"elementor_library\">\n\t\t\t\t<div class=\"elementor-element elementor-element-8705b7c e-con-full e-flex e-con e-parent\" data-id=\"8705b7c\" data-element_type=\"container\" data-e-type=\"container\" data-settings=\"{&quot;background_background&quot;:&quot;gradient&quot;}\">\n\t\t\t\t<div class=\"elementor-element elementor-element-5559fec bu elementor-widget elementor-widget-heading\" data-id=\"5559fec\" data-element_type=\"widget\" data-e-type=\"widget\" data-widget_type=\"heading.default\">\n\t\t\t\t<div class=\"elementor-widget-container\">\n\t\t\t\t\t<div class=\"elementor-heading-title elementor-size-default\">Mitten in Livigno,<\/div>\t\t\t\t<\/div>\n\t\t\t\t<\/div>\n\t\t\t\t<div class=\"elementor-element elementor-element-935e659 bu elementor-widget elementor-widget-heading\" data-id=\"935e659\" data-element_type=\"widget\" data-e-type=\"widget\" data-widget_type=\"heading.default\">\n\t\t\t\t<div class=\"elementor-widget-container\">\n\t\t\t\t\t<div class=\"elementor-heading-title elementor-size-default\">Wohlf\u00fchlen<br>wie zuhause<\/div>\t\t\t\t<\/div>\n\t\t\t\t<\/div>\n\t\t\t\t<\/div>\n\t\t\t\t<\/div>\n\t\t\t\t<\/div>\n\t\t\t\t\t\t<\/div>\n\t\t\t\t<\/div>\n\t\t\t\t<div class=\"elementor-element elementor-element-b940966 elementor-absolute e-transform br elementor-widget elementor-widget-template\" data-id=\"b940966\" data-element_type=\"widget\" data-e-type=\"widget\" data-settings=\"{&quot;_position&quot;:&quot;absolute&quot;,&quot;_transform_rotateZ_effect&quot;:{&quot;unit&quot;:&quot;px&quot;,&quot;size&quot;:2,&quot;sizes&quot;:[]},&quot;_transform_rotateZ_effect_laptop&quot;:{&quot;unit&quot;:&quot;deg&quot;,&quot;size&quot;:&quot;&quot;,&quot;sizes&quot;:[]},&quot;_transform_rotateZ_effect_tablet_extra&quot;:{&quot;unit&quot;:&quot;deg&quot;,&quot;size&quot;:&quot;&quot;,&quot;sizes&quot;:[]},&quot;_transform_rotateZ_effect_tablet&quot;:{&quot;unit&quot;:&quot;deg&quot;,&quot;size&quot;:&quot;&quot;,&quot;sizes&quot;:[]},&quot;_transform_rotateZ_effect_mobile&quot;:{&quot;unit&quot;:&quot;deg&quot;,&quot;size&quot;:&quot;&quot;,&quot;sizes&quot;:[]}}\" data-widget_type=\"template.default\">\n\t\t\t\t<div class=\"elementor-widget-container\">\n\t\t\t\t\t\t\t<div class=\"elementor-template\">\n\t\t\t\t\t<div data-elementor-type=\"container\" data-elementor-id=\"3452\" class=\"elementor elementor-3452 elementor-1918 elementor-1918\" data-elementor-post-type=\"elementor_library\">\n\t\t\t\t<a class=\"elementor-element elementor-element-0a44f5c e-con-full e-flex e-con e-parent\" data-id=\"0a44f5c\" data-element_type=\"container\" data-e-type=\"container\" data-settings=\"{&quot;background_background&quot;:&quot;classic&quot;}\" href=\"https:\/\/www.hotelmontaninalivigno.it\/de\/spa\/\">\n\t\t\t\t<div class=\"elementor-element elementor-element-c4d2a84 elementor-absolute elementor-widget elementor-widget-image\" data-id=\"c4d2a84\" data-element_type=\"widget\" data-e-type=\"widget\" data-settings=\"{&quot;_position&quot;:&quot;absolute&quot;}\" data-widget_type=\"image.default\">\n\t\t\t\t<div class=\"elementor-widget-container\">\n\t\t\t\t\t\t\t\t\t\t\t\t\t\t\t<img fetchpriority=\"high\" decoding=\"async\" width=\"2048\" height=\"1366\" src=\"https:\/\/www.hotelmontaninalivigno.it\/wp-content\/uploads\/2026\/01\/spa01-hotelmontaninalivigno-scaled.webp\" class=\"attachment-full size-full wp-image-4029\" alt=\"Sauna in legno con finestra panoramica su un paesaggio montano innevato.\" srcset=\"https:\/\/www.hotelmontaninalivigno.it\/wp-content\/uploads\/2026\/01\/spa01-hotelmontaninalivigno-scaled.webp 2048w, https:\/\/www.hotelmontaninalivigno.it\/wp-content\/uploads\/2026\/01\/spa01-hotelmontaninalivigno-300x200.webp 300w, https:\/\/www.hotelmontaninalivigno.it\/wp-content\/uploads\/2026\/01\/spa01-hotelmontaninalivigno-1024x683.webp 1024w, https:\/\/www.hotelmontaninalivigno.it\/wp-content\/uploads\/2026\/01\/spa01-hotelmontaninalivigno-768x512.webp 768w, https:\/\/www.hotelmontaninalivigno.it\/wp-content\/uploads\/2026\/01\/spa01-hotelmontaninalivigno-1536x1025.webp 1536w\" sizes=\"(max-width: 2048px) 100vw, 2048px\" \/>\t\t\t\t\t\t\t\t\t\t\t\t\t\t\t<\/div>\n\t\t\t\t<\/div>\n\t\t<div class=\"elementor-element elementor-element-403c13a e-con-full e-flex e-con e-child\" data-id=\"403c13a\" data-element_type=\"container\" data-e-type=\"container\">\n\t\t\t\t<div class=\"elementor-element elementor-element-f2504f7 elementor-view-default elementor-widget elementor-widget-icon\" data-id=\"f2504f7\" data-element_type=\"widget\" data-e-type=\"widget\" data-widget_type=\"icon.default\">\n\t\t\t\t<div class=\"elementor-widget-container\">\n\t\t\t\t\t\t\t<div class=\"elementor-icon-wrapper\">\n\t\t\t<div class=\"elementor-icon\">\n\t\t\t<svg xmlns=\"http:\/\/www.w3.org\/2000\/svg\" viewBox=\"0 0 640 640\"><path d=\"M333.9 101.2C330.1 97.7 325.1 96 320 96C314.9 96 309.9 97.7 306.1 101.2C289.4 116.7 241.2 166.5 213.1 250.7C217.9 253.4 222.5 256.3 227.1 259.2C253.9 176.2 301.1 127.5 316.9 112.9C317.4 112.4 318.3 111.9 320 111.9C321.7 111.9 322.6 112.4 323.1 112.9L323.1 112.9C338.9 127.5 386.1 176.3 412.9 259.2C417.5 256.2 422.2 253.4 426.9 250.7C398.8 166.5 350.7 116.6 333.9 101.2zM160 504.6C200.7 529.6 248.6 544 299.9 544L340.1 544C391.9 544 440.3 529.3 481.3 503.8C557.3 456.5 608 372.2 608 276.1C608 265 599 256 587.9 256C536.9 256 489.1 269.9 448 294C385 331.1 338 392.5 320 465.3C302 392.5 255 331.1 192 294C151 269.8 103.1 256 52.1 256C41 256 32 265 32 276.1C32 372.8 83.2 457.5 160 504.6zM299.9 528C261.3 528 224.7 519.3 192 503.8C106.9 463.4 48 376.6 48 276.1C48 273.9 49.8 272 52.1 272C108.2 272 160.1 289.8 202.6 320C267.9 366.4 310.8 442.2 311.9 528L299.8 528zM340.1 528L328 528C329.1 442.2 372 366.4 437.3 320C479.8 289.8 531.8 272 587.8 272C590.1 272 591.9 273.9 591.9 276.1C591.9 376.6 533 463.4 447.9 503.8C415.2 519.3 378.6 528 340 528z\"><\/path><\/svg>\t\t\t<\/div>\n\t\t<\/div>\n\t\t\t\t\t\t<\/div>\n\t\t\t\t<\/div>\n\t\t\t\t<div class=\"elementor-element elementor-element-a77355a elementor-widget elementor-widget-heading\" data-id=\"a77355a\" data-element_type=\"widget\" data-e-type=\"widget\" data-widget_type=\"heading.default\">\n\t\t\t\t<div class=\"elementor-widget-container\">\n\t\t\t\t\t<div class=\"elementor-heading-title elementor-size-default\">Neu im Spa<\/div>\t\t\t\t<\/div>\n\t\t\t\t<\/div>\n\t\t\t\t<div class=\"elementor-element elementor-element-21fcefc elementor-widget elementor-widget-heading\" data-id=\"21fcefc\" data-element_type=\"widget\" data-e-type=\"widget\" data-widget_type=\"heading.default\">\n\t\t\t\t<div class=\"elementor-widget-container\">\n\t\t\t\t\t<div class=\"elementor-heading-title elementor-size-default\">Ein neuer Raum ganz <strong>gewidmet deinem Gleichgewicht !<\/strong><\/div>\t\t\t\t<\/div>\n\t\t\t\t<\/div>\n\t\t\t\t<div class=\"elementor-element elementor-element-bfd57c7 elementor-widget elementor-widget-heading\" data-id=\"bfd57c7\" data-element_type=\"widget\" data-e-type=\"widget\" data-widget_type=\"heading.default\">\n\t\t\t\t<div class=\"elementor-widget-container\">\n\t\t\t\t\t<div class=\"elementor-heading-title elementor-size-default\">Entdecke mehr!<\/div>\t\t\t\t<\/div>\n\t\t\t\t<\/div>\n\t\t\t\t<\/div>\n\t\t\t\t<\/a>\n\t\t\t\t<\/div>\n\t\t\t\t<\/div>\n\t\t\t\t\t\t<\/div>\n\t\t\t\t<\/div>\n\t\t\t\t<div class=\"elementor-element elementor-element-633ff34 elementor-absolute elementor-widget elementor-widget-image\" data-id=\"633ff34\" data-element_type=\"widget\" data-e-type=\"widget\" data-settings=\"{&quot;_position&quot;:&quot;absolute&quot;}\" data-widget_type=\"image.default\">\n\t\t\t\t<div class=\"elementor-widget-container\">\n\t\t\t\t\t\t\t\t\t\t\t\t\t\t\t<img decoding=\"async\" width=\"2048\" height=\"1534\" src=\"https:\/\/www.hotelmontaninalivigno.it\/wp-content\/uploads\/2026\/02\/esterni-NEW03-hotelmontaninalivigno-scaled.webp\" class=\"attachment-full size-full wp-image-3996\" alt=\"Vista di un paesino di montagna innevato con chalet in legno e montagne sullo sfondo.\" srcset=\"https:\/\/www.hotelmontaninalivigno.it\/wp-content\/uploads\/2026\/02\/esterni-NEW03-hotelmontaninalivigno-scaled.webp 2048w, https:\/\/www.hotelmontaninalivigno.it\/wp-content\/uploads\/2026\/02\/esterni-NEW03-hotelmontaninalivigno-300x225.webp 300w, https:\/\/www.hotelmontaninalivigno.it\/wp-content\/uploads\/2026\/02\/esterni-NEW03-hotelmontaninalivigno-1024x767.webp 1024w, https:\/\/www.hotelmontaninalivigno.it\/wp-content\/uploads\/2026\/02\/esterni-NEW03-hotelmontaninalivigno-768x575.webp 768w, https:\/\/www.hotelmontaninalivigno.it\/wp-content\/uploads\/2026\/02\/esterni-NEW03-hotelmontaninalivigno-1536x1150.webp 1536w\" sizes=\"(max-width: 2048px) 100vw, 2048px\" loading=\"lazy\" \/>\t\t\t\t\t\t\t\t\t\t\t\t\t\t\t<\/div>\n\t\t\t\t<\/div>\n\t\t\t\t<\/div>\n\t\t<div class=\"elementor-element elementor-element-186aa1e e-con-full e-flex e-con e-parent\" data-id=\"186aa1e\" data-element_type=\"container\" data-e-type=\"container\" data-settings=\"{&quot;background_background&quot;:&quot;classic&quot;}\">\n\t\t<div class=\"elementor-element elementor-element-96b8eb7 e-flex e-con-boxed e-con e-child\" data-id=\"96b8eb7\" data-element_type=\"container\" data-e-type=\"container\" data-settings=\"{&quot;background_background&quot;:&quot;classic&quot;,&quot;background_motion_fx_motion_fx_scrolling&quot;:&quot;yes&quot;,&quot;background_motion_fx_translateX_effect&quot;:&quot;yes&quot;,&quot;background_motion_fx_translateX_speed&quot;:{&quot;unit&quot;:&quot;px&quot;,&quot;size&quot;:1,&quot;sizes&quot;:[]},&quot;background_motion_fx_translateX_affectedRange&quot;:{&quot;unit&quot;:&quot;%&quot;,&quot;size&quot;:&quot;&quot;,&quot;sizes&quot;:{&quot;start&quot;:0,&quot;end&quot;:100}},&quot;background_motion_fx_devices&quot;:[&quot;desktop&quot;,&quot;laptop&quot;,&quot;tablet_extra&quot;,&quot;tablet&quot;,&quot;mobile&quot;]}\">\n\t\t\t\t\t<div class=\"e-con-inner\">\n\t\t<div class=\"elementor-element elementor-element-a6e604a e-con-full bl e-flex e-con e-child\" data-id=\"a6e604a\" data-element_type=\"container\" data-e-type=\"container\">\n\t\t\t\t<div class=\"elementor-element elementor-element-a0734aa elementor-widget elementor-widget-heading\" data-id=\"a0734aa\" data-element_type=\"widget\" data-e-type=\"widget\" data-widget_type=\"heading.default\">\n\t\t\t\t<div class=\"elementor-widget-container\">\n\t\t\t\t\t<h1 class=\"elementor-heading-title elementor-size-default\">Wo wir sind<\/h1>\t\t\t\t<\/div>\n\t\t\t\t<\/div>\n\t\t\t\t<div class=\"elementor-element elementor-element-389e108 elementor-widget elementor-widget-heading\" data-id=\"389e108\" data-element_type=\"widget\" data-e-type=\"widget\" data-widget_type=\"heading.default\">\n\t\t\t\t<div class=\"elementor-widget-container\">\n\t\t\t\t\t<h2 class=\"elementor-heading-title elementor-size-default\">Im Herzen von Livigno, zwischen den Pisten und dem Ortszentrum<\/h2>\t\t\t\t<\/div>\n\t\t\t\t<\/div>\n\t\t\t\t<div class=\"elementor-element elementor-element-a1c3f97 elementor-widget elementor-widget-text-editor\" data-id=\"a1c3f97\" data-element_type=\"widget\" data-e-type=\"widget\" data-widget_type=\"text-editor.default\">\n\t\t\t\t<div class=\"elementor-widget-container\">\n\t\t\t\t\t\t\t\t\t<p>Unsere Lage <strong>im Zentrum von Livigno<\/strong> \u2013 in der Via Pontiglia 149 \u2013 ist ideal f\u00fcr einen Urlaub in den Bergen, der Abenteuer, <strong>Entdeckungen und Entspannung<\/strong> vereint.<\/p><p>Hier haben Sie alles griffbereit: Die <strong>Skilifte<\/strong> der Skigebiete Mottolino und Costaccia sind <strong>nur 100 Meter entfernt<\/strong> und eignen sich perfekt zum Skifahren im Winter und zum Wandern und Klettern im Sommer. Au\u00dferdem befindet sich direkt vor dem Hotel die Haltestelle des kostenlosen Busses, der Sie zu den Pisten bringt. Wenn Sie einen Spaziergang oder eine Radtour genie\u00dfen m\u00f6chten, befindet sich der <strong>Rad- und Fu\u00dfweg<\/strong> <strong>nur 200 Meter<\/strong> entfernt, w\u00e4hrend die Stra\u00dfen des Zentrums und die Einkaufsstra\u00dfen gleich um die Ecke liegen.<\/p>\t\t\t\t\t\t\t\t<\/div>\n\t\t\t\t<\/div>\n\t\t\t\t<\/div>\n\t\t<div class=\"elementor-element elementor-element-556ab00 e-con-full br e-flex e-con e-child\" data-id=\"556ab00\" data-element_type=\"container\" data-e-type=\"container\">\n\t\t<div class=\"elementor-element elementor-element-1f0d39c e-con-full e-transform e-flex e-con e-child\" data-id=\"1f0d39c\" data-element_type=\"container\" data-e-type=\"container\" data-settings=\"{&quot;background_background&quot;:&quot;classic&quot;,&quot;position&quot;:&quot;absolute&quot;,&quot;_transform_rotateZ_effect&quot;:{&quot;unit&quot;:&quot;px&quot;,&quot;size&quot;:-8,&quot;sizes&quot;:[]},&quot;_transform_rotateZ_effect_tablet&quot;:{&quot;unit&quot;:&quot;deg&quot;,&quot;size&quot;:-4,&quot;sizes&quot;:[]},&quot;_transform_rotateZ_effect_laptop&quot;:{&quot;unit&quot;:&quot;deg&quot;,&quot;size&quot;:&quot;&quot;,&quot;sizes&quot;:[]},&quot;_transform_rotateZ_effect_tablet_extra&quot;:{&quot;unit&quot;:&quot;deg&quot;,&quot;size&quot;:&quot;&quot;,&quot;sizes&quot;:[]},&quot;_transform_rotateZ_effect_mobile&quot;:{&quot;unit&quot;:&quot;deg&quot;,&quot;size&quot;:&quot;&quot;,&quot;sizes&quot;:[]}}\">\n\t\t\t\t<\/div>\n\t\t<div class=\"elementor-element elementor-element-1f7ab9d e-con-full e-flex e-con e-child\" data-id=\"1f7ab9d\" data-element_type=\"container\" data-e-type=\"container\" data-settings=\"{&quot;background_background&quot;:&quot;classic&quot;}\">\n\t\t\t\t<div class=\"elementor-element elementor-element-539e8a3 elementor-icon-list--layout-traditional elementor-list-item-link-full_width elementor-widget elementor-widget-icon-list\" data-id=\"539e8a3\" data-element_type=\"widget\" data-e-type=\"widget\" data-widget_type=\"icon-list.default\">\n\t\t\t\t<div class=\"elementor-widget-container\">\n\t\t\t\t\t\t\t<ul class=\"elementor-icon-list-items\">\n\t\t\t\t\t\t\t<li class=\"elementor-icon-list-item\">\n\t\t\t\t\t\t\t\t\t\t\t<span class=\"elementor-icon-list-icon\">\n\t\t\t\t\t\t\t<svg xmlns=\"http:\/\/www.w3.org\/2000\/svg\" viewBox=\"0 0 640 640\"><path d=\"M320.1 64C451.7 64 560.1 163.3 574.4 291.1C573.2 292.5 572 293.9 570.9 295.4L559.8 310.6C555 182.5 449.6 80 320.1 80C187.6 80 80.1 187.5 80.1 320C80.1 452.5 187.6 560 320.1 560C370.7 560 417.6 544.3 456.3 517.6L462.2 523.8C464 525.7 466 527.3 468 528.9C426.2 558.6 375.2 576.1 320.1 576.1C178.7 576.1 64.1 461.5 64.1 320.1C64.1 178.7 178.7 64 320.1 64zM609.8 323.7C612.4 320.1 617.4 319.4 621 321.9C624.6 324.5 625.3 329.5 622.8 333.1L509 489.5C507.6 491.4 505.4 492.6 503.1 492.8C500.8 493 498.4 492.1 496.8 490.4L434.5 425.9C431.4 422.7 431.5 417.7 434.7 414.6C437.9 411.5 442.9 411.6 446 414.8L501.7 472.4L609.8 323.7zM320.1 448C311.3 448 304.1 440.8 304.1 432C304.1 423.2 311.3 416 320.1 416C328.9 416 336.1 423.2 336.1 432C336.1 440.8 328.9 448 320.1 448zM323 192.3C329.6 193.7 334.5 199.7 334.3 206.7L328.1 368.3C327.9 372.6 324.4 376 320.1 376C315.8 376 312.3 372.6 312.1 368.3L306 206.7C305.7 198.7 312.1 192 320.2 192L323.1 192.3z\"><\/path><\/svg>\t\t\t\t\t\t<\/span>\n\t\t\t\t\t\t\t\t\t\t<span class=\"elementor-icon-list-text\">Gut zu wissen<\/span>\n\t\t\t\t\t\t\t\t\t<\/li>\n\t\t\t\t\t\t<\/ul>\n\t\t\t\t\t\t<\/div>\n\t\t\t\t<\/div>\n\t\t\t\t<div class=\"elementor-element elementor-element-069238a elementor-widget elementor-widget-text-editor\" data-id=\"069238a\" data-element_type=\"widget\" data-e-type=\"widget\" data-widget_type=\"text-editor.default\">\n\t\t\t\t<div class=\"elementor-widget-container\">\n\t\t\t\t\t\t\t\t\t<p>Wenn Sie mit dem Auto anreisen, k\u00f6nnen Sie bequem am Hotel, auf dem Au\u00dfenparkplatz oder in der beheizten Tiefgarage parken und Livigno stressfrei zu Fu\u00df erkunden. Wenn Sie mit dem Navigationsger\u00e4t zu uns fahren, vermeiden Sie die Via Pienz \u2013 verkehrsberuhigte Zone! &#8211; und <strong>betreten Sie die Via Pontiglia<\/strong>, dort werden wir Sie mit einem L\u00e4cheln empfangen.<\/p>\t\t\t\t\t\t\t\t<\/div>\n\t\t\t\t<\/div>\n\t\t\t\t<\/div>\n\t\t\t\t<div class=\"elementor-element elementor-element-2169162 elementor-widget elementor-widget-google_maps\" data-id=\"2169162\" data-element_type=\"widget\" data-e-type=\"widget\" data-widget_type=\"google_maps.default\">\n\t\t\t\t<div class=\"elementor-widget-container\">\n\t\t\t\t\t\t\t<div class=\"elementor-custom-embed\">\n\t\t\t<iframe loading=\"lazy\"\n\t\t\t\t\tsrc=\"https:\/\/maps.google.com\/maps?q=Hotel%20La%20Montanina%20Livigno&#038;t=m&#038;z=15&#038;output=embed&#038;iwloc=near\"\n\t\t\t\t\ttitle=\"Hotel La Montanina Livigno\"\n\t\t\t\t\taria-label=\"Hotel La Montanina Livigno\"\n\t\t\t><\/iframe>\n\t\t<\/div>\n\t\t\t\t\t\t<\/div>\n\t\t\t\t<\/div>\n\t\t\t\t<\/div>\n\t\t\t\t\t<\/div>\n\t\t\t\t<\/div>\n\t\t\t\t<\/div>\n\t\t\t\t<\/div>\n\t\t","protected":false},"excerpt":{"rendered":"<p>Wo wir sind Im Herzen von Livigno, zwischen den Pisten und dem Ortszentrum Unsere Lage im Zentrum von Livigno \u2013 in der Via Pontiglia 149 \u2013 ist ideal f\u00fcr einen Urlaub in den Bergen, der Abenteuer, Entdeckungen und Entspannung vereint. Hier haben Sie alles griffbereit: Die Skilifte der Skigebiete Mottolino und Costaccia sind nur 100 [&hellip;]<\/p>\n","protected":false},"author":2,"featured_media":0,"parent":0,"menu_order":0,"comment_status":"closed","ping_status":"closed","template":"","meta":{"_acf_changed":false,"footnotes":""},"class_list":["post-3526","page","type-page","status-publish","hentry"],"acf":[],"_links":{"self":[{"href":"https:\/\/www.hotelmontaninalivigno.it\/de\/wp-json\/wp\/v2\/pages\/3526","targetHints":{"allow":["GET"]}}],"collection":[{"href":"https:\/\/www.hotelmontaninalivigno.it\/de\/wp-json\/wp\/v2\/pages"}],"about":[{"href":"https:\/\/www.hotelmontaninalivigno.it\/de\/wp-json\/wp\/v2\/types\/page"}],"author":[{"embeddable":true,"href":"https:\/\/www.hotelmontaninalivigno.it\/de\/wp-json\/wp\/v2\/users\/2"}],"replies":[{"embeddable":true,"href":"https:\/\/www.hotelmontaninalivigno.it\/de\/wp-json\/wp\/v2\/comments?post=3526"}],"version-history":[{"count":3,"href":"https:\/\/www.hotelmontaninalivigno.it\/de\/wp-json\/wp\/v2\/pages\/3526\/revisions"}],"predecessor-version":[{"id":3533,"href":"https:\/\/www.hotelmontaninalivigno.it\/de\/wp-json\/wp\/v2\/pages\/3526\/revisions\/3533"}],"wp:attachment":[{"href":"https:\/\/www.hotelmontaninalivigno.it\/de\/wp-json\/wp\/v2\/media?parent=3526"}],"curies":[{"name":"wp","href":"https:\/\/api.w.org\/{rel}","templated":true}]}}